{"id":870,"date":"2018-08-29T20:10:17","date_gmt":"2018-08-29T23:10:17","guid":{"rendered":"https:\/\/cpergamino-bue.infd.edu.ar\/sitio\/formacion-basica-para-jovenes-y-adultos\/"},"modified":"2023-03-14T16:23:40","modified_gmt":"2023-03-14T19:23:40","slug":"formacion-basica-para-jovenes-y-adultos","status":"publish","type":"page","link":"https:\/\/cpergamino-bue.infd.edu.ar\/sitio\/formacion-basica-para-jovenes-y-adultos\/","title":{"rendered":"FORMACION BASICA PARA JOVENES Y ADULTOS"},"content":{"rendered":"<table class=\" Borde_punteado\" style=\"width: 507px; height: 36px; margin-left: auto; margin-right: auto;\" border=\"0\">\n<tbody>\n<tr style=\"background-color: #22dddd;\">\n<td style=\"text-align: center;\">\n<h2>Resoluci\u00f3n<strong>\u00a013231\/99<\/strong><\/h2>\n<\/td>\n<\/tr>\n<\/tbody>\n<\/table>\n<p class=\"Titulo2\" style=\"text-align: center;\">Formaci\u00f3n B\u00e1sica para J\u00f3venes y Adultos<\/p>\n<p style=\"text-align: center;\"><a href=\"https:\/\/cpergamino-bue.infd.edu.ar\/sitio\/wp-content\/uploads\/2023\/03\/FOBA-pdf-707x1000.jpg\">DESCARGAR PDF<\/a><\/p>\n<p style=\"text-align: center;\"><strong>&#8211; a partir de 14 a\u00f1os &#8211;<\/strong><\/p>\n<p><strong>(3 a\u00f1os)<\/strong><\/p>\n<p><strong>\u00a0<\/strong><\/p>\n<table style=\"width: 100%; margin-left: auto; margin-right: auto;\" border=\"0\">\n<tbody>\n<tr style=\"background-color: #df9e1f;\">\n<td style=\"border: 1px solid #000000; text-align: center;\"><strong>Formaci\u00f3n B\u00e1sica para J\u00f3venes y Adultos<\/strong><\/td>\n<\/tr>\n<tr style=\"background-color: #d7de20;\">\n<td style=\"border: 1px solid #000000; text-align: center;\"><strong>NIVEL I<\/strong><\/td>\n<\/tr>\n<tr>\n<td style=\"border: 1px solid #000000;\">LENGUAJE MUSICAL I<\/td>\n<\/tr>\n<tr>\n<td style=\"border: 1px solid #000000;\">INSTRUMENTO I<\/td>\n<\/tr>\n<tr style=\"background-color: #d7de20;\">\n<td style=\"border: 1px solid #000000; text-align: center;\"><strong>NIVEL II<\/strong><\/td>\n<\/tr>\n<tr>\n<td style=\"border: 1px solid #000000;\">LENGUAJE MUSICAL II<\/td>\n<\/tr>\n<tr>\n<td style=\"border: 1px solid #000000;\">INSTRUMENTO II<\/td>\n<\/tr>\n<tr>\n<td style=\"border: 1px solid #000000;\">PRACTICA DE CONJUNTO VOCAL E INSTRUMENTAL I<\/td>\n<\/tr>\n<tr>\n<td style=\"border: 1px solid #000000;\">APRECIACI\u00d3N MUSICAL I<\/td>\n<\/tr>\n<tr>\n<td style=\"border: 1px solid #000000;\">PRACTICA CORAL<\/td>\n<\/tr>\n<tr style=\"background-color: #d7de20;\">\n<td style=\"border: 1px solid #000000; text-align: center;\"><strong>\u00a0 \u00a0 NIVEL III<\/strong><\/td>\n<\/tr>\n<tr>\n<td style=\"border: 1px solid #000000;\">LENGUAJE MUSICAL III<\/td>\n<\/tr>\n<tr>\n<td style=\"border: 1px solid #000000;\">INSTRUMENTO III<\/td>\n<\/tr>\n<tr>\n<td style=\"border: 1px solid #000000;\">PRACTICA DE CONJUNTO VOCAL E INSTRUMENTAL II<\/td>\n<\/tr>\n<tr>\n<td style=\"border: 1px solid #000000;\">APRECIACI\u00d3N MUSICAL II<\/td>\n<\/tr>\n<tr>\n<td style=\"border: 1px solid #000000;\">INSTRUMENTO ARM\u00d3NICO<\/td>\n<\/tr>\n<\/tbody>\n<\/table>\n","protected":false},"excerpt":{"rendered":"<p>Resoluci\u00f3n\u00a013231\/99 Formaci\u00f3n B\u00e1sica para J\u00f3venes y Adultos DESCARGAR PDF &#8211; a partir de 14 a\u00f1os &#8211; (3 a\u00f1os) \u00a0 Formaci\u00f3n B\u00e1sica para J\u00f3venes y Adultos NIVEL I LENGUAJE MUSICAL I INSTRUMENTO I NIVEL II LENGUAJE MUSICAL II INSTRUMENTO II PRACTICA DE CONJUNTO VOCAL E INSTRUMENTAL I APRECIACI\u00d3N MUSICAL I PRACTICA CORAL \u00a0 \u00a0 NIVEL III &#8230; <a title=\"FORMACION BASICA PARA JOVENES Y ADULTOS\" class=\"read-more\" href=\"https:\/\/cpergamino-bue.infd.edu.ar\/sitio\/formacion-basica-para-jovenes-y-adultos\/\" aria-label=\"More on FORMACION BASICA PARA JOVENES Y ADULTOS\">[+]<\/a><\/p>\n","protected":false},"author":85,"featured_media":0,"parent":0,"menu_order":0,"comment_status":"closed","ping_status":"closed","template":"","meta":[],"acf":[],"_links":{"self":[{"href":"https:\/\/cpergamino-bue.infd.edu.ar\/sitio\/wp-json\/wp\/v2\/pages\/870"}],"collection":[{"href":"https:\/\/cpergamino-bue.infd.edu.ar\/sitio\/wp-json\/wp\/v2\/pages"}],"about":[{"href":"https:\/\/cpergamino-bue.infd.edu.ar\/sitio\/wp-json\/wp\/v2\/types\/page"}],"author":[{"embeddable":true,"href":"https:\/\/cpergamino-bue.infd.edu.ar\/sitio\/wp-json\/wp\/v2\/users\/85"}],"replies":[{"embeddable":true,"href":"https:\/\/cpergamino-bue.infd.edu.ar\/sitio\/wp-json\/wp\/v2\/comments?post=870"}],"version-history":[{"count":4,"href":"https:\/\/cpergamino-bue.infd.edu.ar\/sitio\/wp-json\/wp\/v2\/pages\/870\/revisions"}],"predecessor-version":[{"id":1179,"href":"https:\/\/cpergamino-bue.infd.edu.ar\/sitio\/wp-json\/wp\/v2\/pages\/870\/revisions\/1179"}],"wp:attachment":[{"href":"https:\/\/cpergamino-bue.infd.edu.ar\/sitio\/wp-json\/wp\/v2\/media?parent=870"}],"curies":[{"name":"wp","href":"https:\/\/api.w.org\/{rel}","templated":true}]}}