{"id":825,"date":"2018-08-29T20:09:55","date_gmt":"2018-08-29T23:09:55","guid":{"rendered":"https:\/\/cpergamino-bue.infd.edu.ar\/sitio\/autoridades\/"},"modified":"2019-08-15T17:25:51","modified_gmt":"2019-08-15T20:25:51","slug":"autoridades","status":"publish","type":"page","link":"https:\/\/cpergamino-bue.infd.edu.ar\/sitio\/autoridades\/","title":{"rendered":"Autoridades"},"content":{"rendered":"<p><span style=\"color: #993300;\"><strong>DIRECTOR<\/strong><\/span><strong><br \/>\n<\/strong><span style=\"color: #808080;\"><strong><span style=\"font-size: 12pt;\">Ezequiel Convers<\/span><\/strong><\/span><\/p>\n<p><span style=\"color: #993300;\"><strong>VICEDIRECTOR<\/strong><strong><br \/>\n<\/strong><\/span><span style=\"color: #808080;\"><strong><span style=\"font-size: 12pt;\">Javier Gonz\u00e1lez<br \/>\n<\/span><\/strong><\/span><\/p>\n<p><span style=\"color: #993300;\"><strong>SECRETARIA<\/strong><strong><br \/>\n<\/strong><\/span><span style=\"color: #808080;\"><strong><span style=\"font-size: 12pt;\">Lelis Pagani<\/span><\/strong><\/span><\/p>\n<p><span style=\"color: #993300;\"><strong>JEFE DE \u00c1REA PEDAG\u00d3GICA<\/strong><\/span><\/p>\n<p><strong><span style=\"color: #808080; font-size: 12pt;\"><span style=\"color: #808080;\">David Gloriani<\/span><\/span><\/strong><\/p>\n<p><strong><span style=\"font-size: 12pt;\">\u00a0<\/span><\/strong><\/p>\n","protected":false},"excerpt":{"rendered":"<p>DIRECTOR Ezequiel Convers VICEDIRECTOR Javier Gonz\u00e1lez SECRETARIA Lelis Pagani JEFE DE \u00c1REA PEDAG\u00d3GICA David Gloriani \u00a0<\/p>\n","protected":false},"author":85,"featured_media":0,"parent":0,"menu_order":0,"comment_status":"closed","ping_status":"closed","template":"","meta":[],"acf":[],"_links":{"self":[{"href":"https:\/\/cpergamino-bue.infd.edu.ar\/sitio\/wp-json\/wp\/v2\/pages\/825"}],"collection":[{"href":"https:\/\/cpergamino-bue.infd.edu.ar\/sitio\/wp-json\/wp\/v2\/pages"}],"about":[{"href":"https:\/\/cpergamino-bue.infd.edu.ar\/sitio\/wp-json\/wp\/v2\/types\/page"}],"author":[{"embeddable":true,"href":"https:\/\/cpergamino-bue.infd.edu.ar\/sitio\/wp-json\/wp\/v2\/users\/85"}],"replies":[{"embeddable":true,"href":"https:\/\/cpergamino-bue.infd.edu.ar\/sitio\/wp-json\/wp\/v2\/comments?post=825"}],"version-history":[{"count":2,"href":"https:\/\/cpergamino-bue.infd.edu.ar\/sitio\/wp-json\/wp\/v2\/pages\/825\/revisions"}],"predecessor-version":[{"id":917,"href":"https:\/\/cpergamino-bue.infd.edu.ar\/sitio\/wp-json\/wp\/v2\/pages\/825\/revisions\/917"}],"wp:attachment":[{"href":"https:\/\/cpergamino-bue.infd.edu.ar\/sitio\/wp-json\/wp\/v2\/media?parent=825"}],"curies":[{"name":"wp","href":"https:\/\/api.w.org\/{rel}","templated":true}]}}