{"id":810,"date":"2018-08-29T20:09:50","date_gmt":"2018-08-29T23:09:50","guid":{"rendered":"https:\/\/cpergamino-bue.infd.edu.ar\/sitio\/equipo-de-conduccion\/"},"modified":"2025-11-20T17:20:22","modified_gmt":"2025-11-20T20:20:22","slug":"equipo-de-conduccion","status":"publish","type":"page","link":"https:\/\/cpergamino-bue.infd.edu.ar\/sitio\/equipo-de-conduccion\/","title":{"rendered":"EQUIPO DE CONDUCCION"},"content":{"rendered":"<h1><span style=\"color: #993300;\"><strong>EQUIPO DE CONDUCCI\u00d3N <\/strong><\/span><\/h1>\n<p><span style=\"color: #993300;\"><strong>DIRECTOR<\/strong><strong><br \/>\n<\/strong><\/span><span style=\"color: #808080;\"><strong><span style=\"font-size: 12pt;\">Javier Gonz\u00e1lez<\/span><\/strong><\/span><\/p>\n<p><span style=\"color: #993300;\"><strong>VICEDIRECTOR<\/strong><strong><br \/>\n<\/strong><\/span><\/p>\n<p>Mauricio Ochoa<\/p>\n<p><span style=\"color: #993300;\"><strong>SECRETARIA<\/strong><strong><br \/>\n<\/strong><\/span><span style=\"color: #808080;\"><strong><span style=\"font-size: 12pt;\">Lelis Pagani<\/span><\/strong><\/span><\/p>\n<p><span style=\"color: #993300;\"><strong>JEFE DE \u00c1REA PEDAG\u00d3GICA<\/strong><\/span><\/p>\n<p><span style=\"color: #808080;\"><strong><span style=\"color: #808080;\"><span style=\"color: #808080; font-size: 12pt;\">Paula Riera<\/span><br \/>\n<\/span><\/strong><\/span><\/p>\n","protected":false},"excerpt":{"rendered":"<p>EQUIPO DE CONDUCCI\u00d3N DIRECTOR Javier Gonz\u00e1lez VICEDIRECTOR Mauricio Ochoa SECRETARIA Lelis Pagani JEFE DE \u00c1REA PEDAG\u00d3GICA Paula Riera<\/p>\n","protected":false},"author":85,"featured_media":0,"parent":0,"menu_order":0,"comment_status":"closed","ping_status":"closed","template":"","meta":[],"acf":[],"_links":{"self":[{"href":"https:\/\/cpergamino-bue.infd.edu.ar\/sitio\/wp-json\/wp\/v2\/pages\/810"}],"collection":[{"href":"https:\/\/cpergamino-bue.infd.edu.ar\/sitio\/wp-json\/wp\/v2\/pages"}],"about":[{"href":"https:\/\/cpergamino-bue.infd.edu.ar\/sitio\/wp-json\/wp\/v2\/types\/page"}],"author":[{"embeddable":true,"href":"https:\/\/cpergamino-bue.infd.edu.ar\/sitio\/wp-json\/wp\/v2\/users\/85"}],"replies":[{"embeddable":true,"href":"https:\/\/cpergamino-bue.infd.edu.ar\/sitio\/wp-json\/wp\/v2\/comments?post=810"}],"version-history":[{"count":6,"href":"https:\/\/cpergamino-bue.infd.edu.ar\/sitio\/wp-json\/wp\/v2\/pages\/810\/revisions"}],"predecessor-version":[{"id":1673,"href":"https:\/\/cpergamino-bue.infd.edu.ar\/sitio\/wp-json\/wp\/v2\/pages\/810\/revisions\/1673"}],"wp:attachment":[{"href":"https:\/\/cpergamino-bue.infd.edu.ar\/sitio\/wp-json\/wp\/v2\/media?parent=810"}],"curies":[{"name":"wp","href":"https:\/\/api.w.org\/{rel}","templated":true}]}}