{"id":808,"date":"2018-08-29T20:09:49","date_gmt":"2018-08-29T23:09:49","guid":{"rendered":"https:\/\/cpergamino-bue.infd.edu.ar\/sitio\/carreras-de-formacion-de-grado\/"},"modified":"2023-12-18T14:01:45","modified_gmt":"2023-12-18T17:01:45","slug":"carreras-de-formacion-de-grado","status":"publish","type":"page","link":"https:\/\/cpergamino-bue.infd.edu.ar\/sitio\/carreras-de-formacion-de-grado\/","title":{"rendered":"CARRERAS DE FORMACION DE GRADO"},"content":{"rendered":"<h3 style=\"text-align: center;\"><strong>PLANES DE ESTUDIO<\/strong><\/h3>\n<h2 style=\"text-align: left;\"><\/h2>\n<h2 style=\"background-image: url('upload\/img\/profesorado_de_musica.jpg'); text-align: left;\"><a href=\"upload\/Profesorado_en_musicaOrientacion_Educacion_Musical.pdf\">Profesorado en M\u00fasica (Orientaci\u00f3n en Educaci\u00f3n Musical)\u00a0<\/a><\/h2>\n<h2 style=\"background-image: url('upload\/img\/profesorado_de_musica.jpg'); text-align: left;\"><a href=\"upload\/Profesorado_en_Instrumento.pdf\">Profesorado en M\u00fasica (Orientaci\u00f3n Instrumento)<\/a><\/h2>\n<p style=\"text-align: center;\">\n<p style=\"text-align: center;\">\n<p style=\"text-align: center;\">\n<p style=\"text-align: center;\">\n","protected":false},"excerpt":{"rendered":"<p>PLANES DE ESTUDIO Profesorado en M\u00fasica (Orientaci\u00f3n en Educaci\u00f3n Musical)\u00a0 Profesorado en M\u00fasica (Orientaci\u00f3n Instrumento)<\/p>\n","protected":false},"author":85,"featured_media":0,"parent":0,"menu_order":0,"comment_status":"closed","ping_status":"closed","template":"","meta":[],"acf":[],"_links":{"self":[{"href":"https:\/\/cpergamino-bue.infd.edu.ar\/sitio\/wp-json\/wp\/v2\/pages\/808"}],"collection":[{"href":"https:\/\/cpergamino-bue.infd.edu.ar\/sitio\/wp-json\/wp\/v2\/pages"}],"about":[{"href":"https:\/\/cpergamino-bue.infd.edu.ar\/sitio\/wp-json\/wp\/v2\/types\/page"}],"author":[{"embeddable":true,"href":"https:\/\/cpergamino-bue.infd.edu.ar\/sitio\/wp-json\/wp\/v2\/users\/85"}],"replies":[{"embeddable":true,"href":"https:\/\/cpergamino-bue.infd.edu.ar\/sitio\/wp-json\/wp\/v2\/comments?post=808"}],"version-history":[{"count":4,"href":"https:\/\/cpergamino-bue.infd.edu.ar\/sitio\/wp-json\/wp\/v2\/pages\/808\/revisions"}],"predecessor-version":[{"id":1299,"href":"https:\/\/cpergamino-bue.infd.edu.ar\/sitio\/wp-json\/wp\/v2\/pages\/808\/revisions\/1299"}],"wp:attachment":[{"href":"https:\/\/cpergamino-bue.infd.edu.ar\/sitio\/wp-json\/wp\/v2\/media?parent=808"}],"curies":[{"name":"wp","href":"https:\/\/api.w.org\/{rel}","templated":true}]}}